{"id":3,"date":"2020-08-21T05:56:36","date_gmt":"2020-08-21T05:56:36","guid":{"rendered":"https:\/\/seelendrache.at\/?page_id=3"},"modified":"2025-03-17T22:20:58","modified_gmt":"2025-03-17T21:20:58","slug":"impressum-datenschutzerklaerung","status":"publish","type":"page","link":"https:\/\/seelendrache.at\/index.php\/impressum-datenschutzerklaerung\/","title":{"rendered":"Impressum und Datenschutzerkl\u00e4rung"},"content":{"rendered":"\n<h4 class=\"wp-block-heading\">Wer wir sind<\/h4>\n\n\n\n<p><strong>Agnes Brigitte Brennig<\/strong><br><em>Human-Energetikerin und Lebensraum-Consulting<\/em><\/p>\n\n\n\n<p>Johann-Tree-Gasse 3\/1, 3425 Langenlebarn<br><strong>Mobil:<\/strong>\u00a00676 \/ 9549433<br><strong>E-Mail:<\/strong>\u00a0agnes.brennig@outlook.com<\/p>\n\n\n\n<p><strong>Unsere Adresse ist:<\/strong> https:\/\/seelendrache.at.<\/p>\n\n\n\n<p>Human-Energetikerin und Lebensraum-Consulting<br>Fachgruppe der pers\u00f6nlichen Dienstleister<br>Mitglied der WKO N\u00d6<br><strong>Gewerbeordnung:<\/strong>&nbsp;www.ris.bka.gv.at<br><strong>Aufsichtsbeh\u00f6rde:<\/strong> BH Tulln<\/p>\n\n\n\n<h4 class=\"wp-block-heading\">Datenschutzerkl\u00e4rung und Datenverarbeitungsverzeichnis (nach DSGVO)<\/h4>\n\n\n\n<p id=\"u10336-39\">Wir legen gro\u00dfen Wert auf den Schutz Ihrer Daten. Um Sie in vollem Umfang \u00fcber die Verwendung personenbezogener Daten zu informieren, bitten wir Sie die folgenden Datenschutzhinweise zur Kenntnis zu nehmen.<\/p>\n\n\n\n<h4 class=\"wp-block-heading\">Kontakt mit uns und Zweck der Datenverarbeitung<\/h4>\n\n\n\n<p id=\"u10336-43\">Wenn Sie per E-Mail Kontakt mit uns aufnehmen, werden Ihre angegebenen Daten zwecks Bearbeitung der Anfrage und f\u00fcr den Fall von Anschlussfragen sechs Monate bei uns gespeichert. Diese Daten geben wir nicht ohne Ihre Einwilligung weiter.&nbsp;Falls sie ausdr\u00fccklich der Zusendung unseres Newsletters Praxisgemeinschaft \u201eGabe\u201c zustimmen, werden ihre Daten solange gespeichert, bis sie eine L\u00f6schung derselben beantragen oder aus rechtlichen Gr\u00fcnden. Des Weiteren verwenden wir ihre Daten f\u00fcr unsere Buchhaltung.<\/p>\n\n\n\n<h4 class=\"wp-block-heading\">\u00dcbermittlungsempf\u00e4nger bei Newsletter<\/h4>\n\n\n\n<p>Alle Personen, die der Praxisgemeinschaft \u201eGabe\u201c (Ganzheitliche Behandlung) angeh\u00f6ren. Die Daten werden ansonsten an keine Au\u00dfenstehenden weiter gegeben (Datengeheimnis nach \u00a7 6 DSG<\/p>\n\n\n\n<h4 class=\"wp-block-heading\">Ihre Rechte<\/h4>\n\n\n\n<p>Ihnen stehen grunds\u00e4tzlich die Rechte auf Auskunft, Berichtigung, L\u00f6schung, Einschr\u00e4nkung, Daten\u00fcbertragbarkeit, Widerruf und Widerspruch zu. Wenn Sie glauben, dass die Verarbeitung Ihrer Daten gegen das Datenschutzrecht verst\u00f6\u00dft oder Ihre datenschutzrechtlichen Anspr\u00fcche sonst in einer Weise verletzt worden sind, k\u00f6nnen Sie sich bei der Aufsichtsbeh\u00f6rde beschweren. In \u00d6sterreich ist dies die Datenschutzbeh\u00f6rde.<\/p>\n\n\n\n<p><strong>Sie erreichen uns unter oben stehenden Kontaktdaten!<\/strong><\/p>\n\n\n\n<h4 class=\"wp-block-heading\">Datensicherungsma\u00dfnahmen<\/h4>\n\n\n\n<p id=\"u10336-67\">Besuch des Seminars Datenschutz-Grundverordnung, Basisworkshop durch WKO N\u00d6.<\/p>\n\n\n\n<p id=\"u10336-67\">Speicherung der Kontaktdaten am Computer, der durch ein Codewort und einen Bildschoner gesch\u00fctzt ist.<\/p>\n\n\n\n<h4 class=\"wp-block-heading\">Website-Datenverarbeitung<\/h4>\n\n\n\n<p>Pers\u00f6nliche Daten, die Sie auf dieser Website elektronisch \u00fcbermitteln, wie zum Beispiel Name, E-Mail-Adresse, Adresse oder andere pers\u00f6nlichen Angaben, werden von uns nur zum jeweils angegebenen Zweck verwendet, sicher verwahrt und nicht an Dritte weitergegeben. Der Provider erhebt und speichert automatisch Informationen am Webserver wie verwendeter Browser, Betriebssystem, Verweisseite, IP-Adresse, Uhrzeit des Zugriffs usw. Diese Daten k\u00f6nnen ohne Pr\u00fcfung weiterer Datenquellen keinen bestimmten Personen zugeordnet werden und wir werten diese Daten auch nicht weiter aus solange keine rechtswidrige Nutzung unserer Webseite vorliegt.<\/p>\n\n\n\n<h4 class=\"wp-block-heading\">Cookies<\/h4>\n\n\n\n<p>Cookies sind kleine Dateien, die es dieser Webseite erm\u00f6glichen auf dem Computer des Besuchers spezifische, auf den Nutzer bezogene Informationen zu speichern, w\u00e4hrend unsere Website besucht wird. Cookies helfen uns dabei, die Nutzungsh\u00e4ufigkeit und die Anzahl der Nutzer unserer Internetseiten zu ermitteln, sowie unsere Angebote f\u00fcr Sie komfortabel und effizient zu gestalten. Wir verwenden einerseits Session-Cookies, die ausschlie\u00dflich f\u00fcr die Dauer Ihrer Nutzung unserer Website zwischengespeichert werden und zum anderen permanente Cookies, um Informationen \u00fcber Besucher festzuhalten, die wiederholt auf unsere Website zugreifen. Der Zweck des Einsatzes dieser Cookies besteht darin, eine optimale Benutzerf\u00fchrung anbieten zu k\u00f6nnen sowie Besucher wiederzuerkennen und bei wiederholter Nutzung eine m\u00f6glichst attraktive Website und interessante Inhalte pr\u00e4sentieren zu k\u00f6nnen. Der Inhalt eines permanenten Cookies beschr\u00e4nkt sich auf eine Identifikationsnummer. Name, IP-Adresse usw. werden nicht gespeichert. Eine Einzelprofilbildung \u00fcber Ihr Nutzungsverhalten findet nicht statt. Eine Nutzung unserer Angebote ist auch ohne Cookies m\u00f6glich. Sie k\u00f6nnen in Ihrem Browser das Speichern von Cookies deaktivieren, auf bestimmte Webseiten beschr\u00e4nken oder Ihren Webbrowser (Chrome, IE, Firefox,\u2026) so einstellen, dass er sie benachrichtigt, sobald ein Cookie gesendet wird. Sie k\u00f6nnen Cookies auch jederzeit von der Festplatte ihres PC l\u00f6schen. Bitte beachten Sie aber, dass Sie in diesem Fall mit einer eingeschr\u00e4nkten Darstellung der Seite und mit einer eingeschr\u00e4nkten Benutzerf\u00fchrung rechnen m\u00fcssen.<\/p>\n\n\n\n<h4 class=\"wp-block-heading\">Datenschutzerkl\u00e4rung f\u00fcr die Nutzung von Google Analytics<\/h4>\n\n\n\n<p id=\"u10336-87\">Diese Website benutzt Google Analytics, einen Webanalysedienst der Google Inc. (\u201eGoogle\u201c). Google Analytics verwendet sog. \u201eCookies\u201c, Textdateien, die auf Ihrem Computer gespeichert werden und die eine Analyse der Benutzung der Website durch Sie erm\u00f6glichen. Die durch den Cookie erzeugten Informationen \u00fcber Ihre Benutzung dieser Website werden in der Regel an einen Server von Google in den USA \u00fcbertragen und dort gespeichert. Im Falle der Aktivierung der IP-Anonymisierung auf dieser Webseite, wird Ihre IP-Adresse von Google jedoch innerhalb von Mitgliedstaaten der Europ\u00e4ischen Union oder in anderen Vertragsstaaten des Abkommens \u00fcber den Europ\u00e4ischen Wirtschaftsraum zuvor gek\u00fcrzt. Nur in Ausnahmef\u00e4llen wird die volle IP-Adresse an einen Server von Google in den USA \u00fcbertragen und dort gek\u00fcrzt. Im Auftrag des Betreibers dieser Website wird Google diese Informationen benutzen, um Ihre Nutzung der Website auszuwerten, um Reports \u00fcber die Websiteaktivit\u00e4ten zusammenzustellen und um weitere mit der Websitenutzung und der Internetnutzung verbundene Dienstleistungen gegen\u00fcber dem Websitebetreiber zu erbringen. Die im Rahmen von Google Analytics von Ihrem Browser \u00fcbermittelte IP-Adresse wird nicht mit anderen Daten von Google zusammengef\u00fchrt. Sie k\u00f6nnen die Speicherung der Cookies durch eine entsprechende Einstellung Ihrer Browser-Software verhindern; wir weisen Sie jedoch darauf hin, dass Sie in diesem Fall gegebenenfalls nicht s\u00e4mtliche Funktionen dieser Website vollumf\u00e4nglich werden nutzen k\u00f6nnen. Sie k\u00f6nnen dar\u00fcber hinaus die Erfassung der durch das Cookie erzeugten und auf Ihre Nutzung der Website bezogenen Daten (inkl. Ihrer IP-Adresse) an Google sowie die Verarbeitung dieser Daten durch Google verhindern, indem sie das unter dem folgenden Link (https:\/\/tools.google.com\/dlpage\/gaoptout?hl=de&nbsp;) verf\u00fcgbare Browser-Plugin herunterladen und installieren.<\/p>\n\n\n\n<p id=\"u10336-92\">N\u00e4here Informationen zu Nutzungsbedingungen und Datenschutz finden Sie unter&nbsp;https:\/\/www.google.com\/analytics\/terms\/de&nbsp;.html bzw. unter&nbsp;https:\/\/support.google.com\/analytics\/answer\/6004245?hl=de&nbsp;.<\/p>\n\n\n\n<h4 class=\"wp-block-heading\">Auskunftsrecht<\/h4>\n\n\n\n<p>Sie haben jederzeit das Recht auf Auskunft \u00fcber die bez\u00fcglich Ihrer Person gespeicherten Daten, deren Herkunft und Empf\u00e4nger sowie den Zweck der Speicherung.<\/p>\n\n\n\n<h4 class=\"wp-block-heading\">Anbieter und verantwortliche Stelle im Sinne des Datenschutzgesetzes<\/h4>\n\n\n\n<p id=\"u10336-104\"><strong>Agnes Brigitte Brennig<\/strong><br>Johann-Tree-Gasse 3\/Top 1<br>3425 Langenlebarn<\/p>\n","protected":false},"excerpt":{"rendered":"<p>Wer wir sind Agnes Brigitte BrennigHuman-Energetikerin und Lebensraum-Consulting Johann-Tree-Gasse 3\/1, 3425 LangenlebarnMobil:\u00a00676 \/ 9549433E-Mail:\u00a0agnes.brennig@outlook.com Unsere Adresse ist: https:\/\/seelendrache.at. Human-Energetikerin und Lebensraum-ConsultingFachgruppe der pers\u00f6nlichen DienstleisterMitglied der WKO N\u00d6Gewerbeordnung:&nbsp;www.ris.bka.gv.atAufsichtsbeh\u00f6rde: BH Tulln Datenschutzerkl\u00e4rung und Datenverarbeitungsverzeichnis (nach DSGVO) Wir legen gro\u00dfen Wert auf den Schutz Ihrer Daten. Um Sie in vollem Umfang \u00fcber die Verwendung personenbezogener Daten zu informieren, [&hellip;]<\/p>\n","protected":false},"author":1,"featured_media":0,"parent":0,"menu_order":0,"comment_status":"closed","ping_status":"open","template":"","meta":{"footnotes":""},"class_list":["post-3","page","type-page","status-publish","hentry"],"_links":{"self":[{"href":"https:\/\/seelendrache.at\/index.php\/wp-json\/wp\/v2\/pages\/3","targetHints":{"allow":["GET"]}}],"collection":[{"href":"https:\/\/seelendrache.at\/index.php\/wp-json\/wp\/v2\/pages"}],"about":[{"href":"https:\/\/seelendrache.at\/index.php\/wp-json\/wp\/v2\/types\/page"}],"author":[{"embeddable":true,"href":"https:\/\/seelendrache.at\/index.php\/wp-json\/wp\/v2\/users\/1"}],"replies":[{"embeddable":true,"href":"https:\/\/seelendrache.at\/index.php\/wp-json\/wp\/v2\/comments?post=3"}],"version-history":[{"count":9,"href":"https:\/\/seelendrache.at\/index.php\/wp-json\/wp\/v2\/pages\/3\/revisions"}],"predecessor-version":[{"id":4995,"href":"https:\/\/seelendrache.at\/index.php\/wp-json\/wp\/v2\/pages\/3\/revisions\/4995"}],"wp:attachment":[{"href":"https:\/\/seelendrache.at\/index.php\/wp-json\/wp\/v2\/media?parent=3"}],"curies":[{"name":"wp","href":"https:\/\/api.w.org\/{rel}","templated":true}]}}