{"id":7,"date":"2020-09-07T06:33:06","date_gmt":"2020-09-07T06:33:06","guid":{"rendered":"https:\/\/seelendrache.at\/?page_id=7"},"modified":"2026-04-05T09:58:11","modified_gmt":"2026-04-05T07:58:11","slug":"das-neue-museum-oeffnet-seine-tueren-2","status":"publish","type":"page","link":"https:\/\/seelendrache.at\/","title":{"rendered":"Vertraue deinem Herzen&#8230;"},"content":{"rendered":"\n<div class=\"wp-block-group alignwide\"><div class=\"wp-block-group__inner-container is-layout-flow wp-block-group-is-layout-flow\">\n<h3 class=\"wp-block-heading has-text-align-center\">Der Flug des Seelendrachen.<br>Wo f\u00fchrt er dich hin?<\/h3>\n<\/div><\/div>\n\n\n\n<div class=\"wp-block-group\"><div class=\"wp-block-group__inner-container is-layout-flow wp-block-group-is-layout-flow\"><div class=\"wp-block-image is-style-rounded\">\n<figure class=\"aligncenter size-large\"><img loading=\"lazy\" decoding=\"async\" width=\"1024\" height=\"683\" src=\"https:\/\/seelendrache.at\/wp-content\/uploads\/2026\/01\/Agnes-mit-Trommel-1024x683.jpg\" alt=\"\" class=\"wp-image-5329\" srcset=\"https:\/\/seelendrache.at\/wp-content\/uploads\/2026\/01\/Agnes-mit-Trommel-1024x683.jpg 1024w, https:\/\/seelendrache.at\/wp-content\/uploads\/2026\/01\/Agnes-mit-Trommel-300x200.jpg 300w, https:\/\/seelendrache.at\/wp-content\/uploads\/2026\/01\/Agnes-mit-Trommel-768x512.jpg 768w, https:\/\/seelendrache.at\/wp-content\/uploads\/2026\/01\/Agnes-mit-Trommel-1536x1025.jpg 1536w, https:\/\/seelendrache.at\/wp-content\/uploads\/2026\/01\/Agnes-mit-Trommel-2048x1367.jpg 2048w, https:\/\/seelendrache.at\/wp-content\/uploads\/2026\/01\/Agnes-mit-Trommel-1200x801.jpg 1200w, https:\/\/seelendrache.at\/wp-content\/uploads\/2026\/01\/Agnes-mit-Trommel-1980x1321.jpg 1980w\" sizes=\"auto, (max-width: 1024px) 100vw, 1024px\" \/><\/figure>\n<\/div>\n\n\n<h4 class=\"wp-block-heading has-text-align-center\">Schamanische Einzelsitzung<\/h4>\n\n\n\n<div class=\"wp-block-button aligncenter is-style-outline is-style-outline--1\"><a class=\"wp-block-button__link wp-element-button\" href=\"https:\/\/seelendrache.at\/index.php\/angebote-fuer-dich\/#schamanische_einzelsitzung\" style=\"border-radius:50px\">Neugierig?<\/a><\/div>\n<\/div><\/div>\n\n\n\n<div class=\"wp-block-columns alignwide is-layout-flex wp-container-core-columns-is-layout-9d6595d7 wp-block-columns-is-layout-flex\">\n<div class=\"wp-block-column is-layout-flow wp-block-column-is-layout-flow\"><div class=\"wp-block-image\">\n<figure class=\"aligncenter size-large is-resized\"><img loading=\"lazy\" decoding=\"async\" width=\"913\" height=\"919\" src=\"https:\/\/seelendrache.at\/wp-content\/uploads\/2025\/03\/celtic-wheel-7854361_1280-e1737373542389-edited-3.png\" alt=\"\" class=\"wp-image-4991\" style=\"width:360px\" srcset=\"https:\/\/seelendrache.at\/wp-content\/uploads\/2025\/03\/celtic-wheel-7854361_1280-e1737373542389-edited-3.png 913w, https:\/\/seelendrache.at\/wp-content\/uploads\/2025\/03\/celtic-wheel-7854361_1280-e1737373542389-edited-3-298x300.png 298w, https:\/\/seelendrache.at\/wp-content\/uploads\/2025\/03\/celtic-wheel-7854361_1280-e1737373542389-edited-3-150x150.png 150w, https:\/\/seelendrache.at\/wp-content\/uploads\/2025\/03\/celtic-wheel-7854361_1280-e1737373542389-edited-3-768x773.png 768w\" sizes=\"auto, (max-width: 913px) 100vw, 913px\" \/><\/figure>\n<\/div>\n\n\n<h4 class=\"wp-block-heading has-text-align-center\">Deine Reise durch<br>den keltischen Jahreskreis<\/h4>\n\n\n\n<h5 class=\"wp-block-heading has-text-align-center\">Beltanefest<\/h5>\n\n\n\n<p class=\"has-text-align-center has-normal-font-size\">Magische Frauen aus dem Tullnerfeld<br>Am Freitag, 01.05.2026<br>Klosterruine Riederberg<br>Weitere Infos unter: <a href=\"mailto:magischefrauen@gmail.com\">magischefrauen@gmail.com<\/a><\/p>\n\n\n\n<h5 class=\"wp-block-heading has-text-align-center\">Ostarafest<\/h5>\n\n\n\n<p class=\"has-text-align-center has-normal-font-size\">Magische Frauen aus dem Tullnerfeld<br>Am Samstag, 21.03.2026<br>Studio Mangalya, Hauptstra\u00dfe 3, 3004 Ollern<br>Anmeldung unter <a href=\"mailto:magischefrauen@gmail.com\">magischefrauen@gmail.com<\/a><\/p>\n\n\n\n<div class=\"wp-block-buttons is-content-justification-center is-layout-flex wp-container-core-buttons-is-layout-16018d1d wp-block-buttons-is-layout-flex\">\n<div class=\"wp-block-button aligncenter is-style-outline is-style-outline--2\"><a class=\"wp-block-button__link wp-element-button\" href=\"https:\/\/seelendrache.at\/index.php\/angebote-fuer-dich\/#Ostarafest\" style=\"border-radius:50px\">Mehr Infos<\/a><\/div>\n<\/div>\n\n\n\n<p><\/p>\n\n\n\n<div class=\"wp-block-group\"><div class=\"wp-block-group__inner-container is-layout-flow wp-block-group-is-layout-flow\"><div class=\"wp-block-image is-style-default\">\n<figure class=\"aligncenter size-full\"><img loading=\"lazy\" decoding=\"async\" width=\"375\" height=\"375\" src=\"https:\/\/seelendrache.at\/wp-content\/uploads\/2020\/09\/drachenbaum_375_375.png\" alt=\"Edelkastanie auf einem Kraftplatz im Burgenland\" class=\"wp-image-106\" srcset=\"https:\/\/seelendrache.at\/wp-content\/uploads\/2020\/09\/drachenbaum_375_375.png 375w, https:\/\/seelendrache.at\/wp-content\/uploads\/2020\/09\/drachenbaum_375_375-300x300.png 300w, https:\/\/seelendrache.at\/wp-content\/uploads\/2020\/09\/drachenbaum_375_375-150x150.png 150w\" sizes=\"auto, (max-width: 375px) 100vw, 375px\" \/><\/figure>\n<\/div>\n\n\n<h4 class=\"wp-block-heading has-text-align-center\">Kraftort Kastanienhain im Burgenland<\/h4>\n\n\n\n<p class=\"has-text-align-center has-normal-font-size\">Am Samstag, 04.10.2025, 10:00 &#8211; 16:00 Uhr vor Ort<\/p>\n\n\n\n<figure class=\"wp-block-embed is-type-video is-provider-youtube wp-block-embed-youtube wp-embed-aspect-16-9 wp-has-aspect-ratio\"><div class=\"wp-block-embed__wrapper\">\n<iframe loading=\"lazy\" title=\"Kraftplatz Kastanienhain im Burgenland - Botschaften der Naturwesen\" width=\"580\" height=\"326\" src=\"https:\/\/www.youtube.com\/embed\/FIJohY-qDXQ?feature=oembed\" frameborder=\"0\" allow=\"accelerometer; autoplay; clipboard-write; encrypted-media; gyroscope; picture-in-picture; web-share\" referrerpolicy=\"strict-origin-when-cross-origin\" allowfullscreen><\/iframe>\n<\/div><\/figure>\n\n\n\n<div class=\"wp-block-button aligncenter is-style-outline is-style-outline--3\"><a class=\"wp-block-button__link wp-element-button\" href=\"https:\/\/seelendrache.at\/index.php\/angebote-fuer-dich\/#kraftort_kastanienhain_im_burgenland\" style=\"border-radius:50px\">Neugierig?<\/a><\/div>\n<\/div><\/div>\n\n\n\n<div class=\"wp-block-buttons is-layout-flex wp-block-buttons-is-layout-flex\"><\/div>\n<\/div>\n\n\n\n<div class=\"wp-block-column is-layout-flow wp-block-column-is-layout-flow\">\n<div class=\"wp-block-group\"><div class=\"wp-block-group__inner-container is-layout-flow wp-block-group-is-layout-flow\"><div class=\"wp-block-image is-style-rounded\">\n<figure class=\"aligncenter size-full is-resized\"><img loading=\"lazy\" decoding=\"async\" width=\"375\" height=\"375\" src=\"https:\/\/seelendrache.at\/wp-content\/uploads\/2020\/09\/Mystisches_Tor_375_375.png\" alt=\"Mystisches Tor im Wald\" class=\"wp-image-115\" style=\"width:360px\" srcset=\"https:\/\/seelendrache.at\/wp-content\/uploads\/2020\/09\/Mystisches_Tor_375_375.png 375w, https:\/\/seelendrache.at\/wp-content\/uploads\/2020\/09\/Mystisches_Tor_375_375-300x300.png 300w, https:\/\/seelendrache.at\/wp-content\/uploads\/2020\/09\/Mystisches_Tor_375_375-150x150.png 150w\" sizes=\"auto, (max-width: 375px) 100vw, 375px\" \/><\/figure>\n<\/div>\n\n\n<h4 class=\"wp-block-heading has-text-align-center\">Schamanisches Reisen<br>in die Anderswelt<\/h4>\n\n\n\n<p class=\"has-text-align-center has-normal-font-size\">10 Termine, auch einzeln besuchbar<br>jeweils am Montag von 19:00 &#8211; 21:30 Uhr<br>Erster Termin am 15.09.2025<\/p>\n\n\n\n<div class=\"wp-block-buttons is-content-justification-center is-layout-flex wp-container-core-buttons-is-layout-16018d1d wp-block-buttons-is-layout-flex\">\n<div class=\"wp-block-button is-style-outline is-style-outline--4\"><a class=\"wp-block-button__link wp-element-button\" href=\"https:\/\/seelendrache.at\/index.php\/angebote-fuer-dich\/#modul_1_reise_in_die_anderswelt\" style=\"border-radius:100px\">Ich zeig dir mehr!<\/a><\/div>\n<\/div>\n<\/div><\/div>\n\n\n\n<div class=\"wp-block-group\"><div class=\"wp-block-group__inner-container is-layout-flow wp-block-group-is-layout-flow\"><div class=\"wp-block-image is-style-rounded\">\n<figure class=\"aligncenter size-full\"><img loading=\"lazy\" decoding=\"async\" width=\"375\" height=\"500\" src=\"https:\/\/seelendrache.at\/wp-content\/uploads\/2022\/08\/Die_weisse_Quelle_Avalons2_375_500.png\" alt=\"\" class=\"wp-image-2339\" srcset=\"https:\/\/seelendrache.at\/wp-content\/uploads\/2022\/08\/Die_weisse_Quelle_Avalons2_375_500.png 375w, https:\/\/seelendrache.at\/wp-content\/uploads\/2022\/08\/Die_weisse_Quelle_Avalons2_375_500-225x300.png 225w\" sizes=\"auto, (max-width: 375px) 100vw, 375px\" \/><\/figure>\n<\/div>\n\n\n<h4 class=\"wp-block-heading has-text-align-center\">Avalon &#8211; In sieben Schritten<br>zu deinem Wesenskern<\/h4>\n\n\n\n<p class=\"has-text-align-center has-normal-font-size\">Online-Schnuppern am 01.04.2026, 19:00 &#8211; 20:00 Uhr<br>10 aufeinander aufbauende Termine<br>jeweils von 19:00 &#8211; 21:30 Uhr, Start am 08.04.2026<\/p>\n\n\n\n<div class=\"wp-block-button aligncenter is-style-outline is-style-outline--5\"><a class=\"wp-block-button__link wp-element-button\" href=\"https:\/\/seelendrache.at\/index.php\/angebote-fuer-dich\/#modul_2_avalon_in_sieben_schritten_zu_deinem_wesenskern\" style=\"border-radius:50px\">Schau vorbei!<\/a><\/div>\n<\/div><\/div>\n\n\n\n<div class=\"wp-block-group\"><div class=\"wp-block-group__inner-container is-layout-flow wp-block-group-is-layout-flow\"><div class=\"wp-block-image is-style-rounded\">\n<figure class=\"aligncenter size-full\"><img loading=\"lazy\" decoding=\"async\" width=\"375\" height=\"375\" src=\"https:\/\/seelendrache.at\/wp-content\/uploads\/2021\/08\/Pyramiden_375_375.png\" alt=\"\" class=\"wp-image-626\" srcset=\"https:\/\/seelendrache.at\/wp-content\/uploads\/2021\/08\/Pyramiden_375_375.png 375w, https:\/\/seelendrache.at\/wp-content\/uploads\/2021\/08\/Pyramiden_375_375-300x300.png 300w, https:\/\/seelendrache.at\/wp-content\/uploads\/2021\/08\/Pyramiden_375_375-150x150.png 150w\" sizes=\"auto, (max-width: 375px) 100vw, 375px\" \/><\/figure>\n<\/div>\n\n\n<h4 class=\"wp-block-heading has-text-align-center\">Symbole und Energie <br>der bosnischen Pyramiden<\/h4>\n\n\n\n<p class=\"has-text-align-center has-normal-font-size\">7 aufeinander aufbauende Abende und ein Nachmittag<br>Mach dich bereit f\u00fcr die Aktivierung deiner Zirbeldr\u00fcse und deinem dritten Auge, lerne deinen ganz pers\u00f6nlichen intimen Herzensraum kennen und die Energie der kraftvollen bosnischen Pyramiden mit den Symbolen, die mir dort \u00fcbermittelt wurden. Auch hier solltest du schon davor Mediationserfahrung gehabt haben.<\/p>\n\n\n\n<div class=\"wp-block-button aligncenter is-style-outline is-style-outline--6\"><a class=\"wp-block-button__link wp-element-button\" href=\"https:\/\/seelendrache.at\/index.php\/angebote-fuer-dich\/#modul_3_symbole_und_energie_der_bosnischen_pyramiden\" style=\"border-radius:50px\">Interessiert?<\/a><\/div>\n<\/div><\/div>\n\n\n\n<div class=\"wp-block-buttons is-horizontal is-content-justification-center is-layout-flex wp-container-core-buttons-is-layout-499968f5 wp-block-buttons-is-layout-flex\"><\/div>\n\n\n\n<p><\/p>\n<\/div>\n<\/div>\n\n\n\n<div class=\"wp-block-group alignwide has-background\" style=\"background-color:#ffffff\"><div class=\"wp-block-group__inner-container is-layout-flow wp-block-group-is-layout-flow\">\n<div class=\"wp-block-group\"><div class=\"wp-block-group__inner-container is-layout-flow wp-block-group-is-layout-flow\">\n<h3 class=\"wp-block-heading has-text-align-center\">Bleib auf dem Laufenden!<\/h3>\n\n\n\n<p class=\"has-text-align-center\">Werde Newsletter Abonnent und erfahre alle neu ausgeschriebenen Termine exklusive als Erstes.<\/p>\n\n\n\n<div class=\"wp-block-button aligncenter\"><a class=\"wp-block-button__link wp-element-button\" href=\"mailto:agnes.brennig@outlook.com?subject=Ja,%20ich%20abonniere%20den%20Newsletter&amp;body=Liebe%20Agnes,%0D%0A%0D%0AJa,%20ich%20m\u00f6chte%20sehr%20gerne%20deinen%20Newsletter,%20an%20oben%20genannte%20E-Mail%20Adresse,%20zugesandt%20bekommen!\">Ja, ich will den Newsletter abonnieren!<\/a><\/div>\n<\/div><\/div>\n<\/div><\/div>\n\n\n\n<figure class=\"wp-block-image alignfull size-full\"><img loading=\"lazy\" decoding=\"async\" width=\"1080\" height=\"721\" src=\"https:\/\/seelendrache.at\/wp-content\/uploads\/2020\/09\/dsc8791-u5939-fr.jpg\" alt=\"Mandala legen\" class=\"wp-image-124\" srcset=\"https:\/\/seelendrache.at\/wp-content\/uploads\/2020\/09\/dsc8791-u5939-fr.jpg 1080w, https:\/\/seelendrache.at\/wp-content\/uploads\/2020\/09\/dsc8791-u5939-fr-300x200.jpg 300w, https:\/\/seelendrache.at\/wp-content\/uploads\/2020\/09\/dsc8791-u5939-fr-1024x684.jpg 1024w, https:\/\/seelendrache.at\/wp-content\/uploads\/2020\/09\/dsc8791-u5939-fr-768x513.jpg 768w\" sizes=\"auto, (max-width: 1080px) 100vw, 1080px\" \/><\/figure>\n\n\n\n<div class=\"wp-block-group alignwide\"><div class=\"wp-block-group__inner-container is-layout-flow wp-block-group-is-layout-flow\">\n<blockquote class=\"wp-block-quote is-layout-flow wp-block-quote-is-layout-flow\">\n<p><strong><em>Was du unterdr\u00fcckst, verfolgt dich;<\/em> <em>was du akzeptierst, ver\u00e4ndert dich.<\/em><\/strong><\/p>\n<cite><em>Carl Gustav Jung (1875-1961, Schweiz)<\/em>. <em>Begr\u00fcnder der analytischen Psychologie<\/em><\/cite><\/blockquote>\n<\/div><\/div>\n\n\n\n<p class=\"has-drop-cap\"><strong>Carl&nbsp;Gustav Jung<\/strong>&nbsp;erkannte sehr schnell, dass Mandalas Eigenschaften haben, die den Menschen und sein Inneres beeinflussen k\u00f6nnen. Er war auch der \u00dcberzeugung, dass es sich bei Mandalas um &#8222;heilige geometrische Zeichnungen&#8220; handelt, die eine sehr positive, heilsame Wirkung auf unsere Psyche und Unterbewusstsein haben.<\/p>\n\n\n\n<p>Jung nutzte Mandalas in der Therapie um seinen Patienten eine neue Sichtweise und ein neues Bewusstsein zu erm\u00f6glichen. Die Klienten sollten anhand von Mandalas eine neue Bewusstseinsebene erreichen und sich dadurch von ihren verdr\u00e4ngten, angstmachenden und sorgenvollen Gedanken befreien.<\/p>\n\n\n\n<p class=\"has-text-align-right\"><em>(Quelle: <a href=\"https:\/\/www.mandalana.de\/mandalas\/heilsame-wirkung-von-mandalas.html\" target=\"_blank\" rel=\"noreferrer noopener\">www.mandalana.de<\/a>)<\/em><\/p>\n","protected":false},"excerpt":{"rendered":"<p>Der Flug des Seelendrachen.Wo f\u00fchrt er dich hin? Schamanische Einzelsitzung Deine Reise durchden keltischen Jahreskreis Beltanefest Magische Frauen aus dem TullnerfeldAm Freitag, 01.05.2026Klosterruine RiederbergWeitere Infos unter: magischefrauen@gmail.com Ostarafest Magische Frauen aus dem TullnerfeldAm Samstag, 21.03.2026Studio Mangalya, Hauptstra\u00dfe 3, 3004 OllernAnmeldung unter magischefrauen@gmail.com Kraftort Kastanienhain im Burgenland Am Samstag, 04.10.2025, 10:00 &#8211; 16:00 Uhr vor Ort [&hellip;]<\/p>\n","protected":false},"author":1,"featured_media":5155,"parent":0,"menu_order":0,"comment_status":"closed","ping_status":"closed","template":"","meta":{"footnotes":""},"class_list":["post-7","page","type-page","status-publish","has-post-thumbnail","hentry"],"_links":{"self":[{"href":"https:\/\/seelendrache.at\/index.php\/wp-json\/wp\/v2\/pages\/7","targetHints":{"allow":["GET"]}}],"collection":[{"href":"https:\/\/seelendrache.at\/index.php\/wp-json\/wp\/v2\/pages"}],"about":[{"href":"https:\/\/seelendrache.at\/index.php\/wp-json\/wp\/v2\/types\/page"}],"author":[{"embeddable":true,"href":"https:\/\/seelendrache.at\/index.php\/wp-json\/wp\/v2\/users\/1"}],"replies":[{"embeddable":true,"href":"https:\/\/seelendrache.at\/index.php\/wp-json\/wp\/v2\/comments?post=7"}],"version-history":[{"count":213,"href":"https:\/\/seelendrache.at\/index.php\/wp-json\/wp\/v2\/pages\/7\/revisions"}],"predecessor-version":[{"id":5438,"href":"https:\/\/seelendrache.at\/index.php\/wp-json\/wp\/v2\/pages\/7\/revisions\/5438"}],"wp:featuredmedia":[{"embeddable":true,"href":"https:\/\/seelendrache.at\/index.php\/wp-json\/wp\/v2\/media\/5155"}],"wp:attachment":[{"href":"https:\/\/seelendrache.at\/index.php\/wp-json\/wp\/v2\/media?parent=7"}],"curies":[{"name":"wp","href":"https:\/\/api.w.org\/{rel}","templated":true}]}}