{"id":8,"date":"2020-09-07T06:33:06","date_gmt":"2020-09-07T06:33:06","guid":{"rendered":"https:\/\/seelendrache.at\/?page_id=8"},"modified":"2023-02-27T05:53:12","modified_gmt":"2023-02-27T04:53:12","slug":"ueber-mich","status":"publish","type":"page","link":"https:\/\/seelendrache.at\/index.php\/ueber-mich\/","title":{"rendered":"\u00dcber mich&#8230;"},"content":{"rendered":"\n<p class=\"has-drop-cap\">Ich wurde als Vierte von sechs Kindern geboren und ging einen famili\u00e4r vorgegebenen Weg, wie viele andere auch. Fr\u00fch schon begeisterte mich die Arbeit mit Kindern, ihre Nat\u00fcrlichkeit und Authentizit\u00e4t, die ich als Volksschullehrerin erfahren durfte.<br>Im Alter von 30 und durch die Geburt meines zweiten Kindes, wurde ich unerwartet auf mich selbst zur\u00fcckgeworfen.<br>Durch eine schamanische Ausbildung \u00f6ffnete sich mir eine T\u00fcre zu uraltem Wissen, zu dem ich  innerlich gerufen wurde. Noch hatte mein Verstand keine Ahnung, was da vor sich ging \u2013 doch die innere Stimme ahnte sehr wohl, dass ich mich zu erinnern begann. Ich brauchte viel Zeit, um mein Urvertrauen in mich wieder zuzulassen.<\/p>\n\n\n\n<h4 class=\"wp-block-heading\">Ich durfte Vieles mit meinem Herzen erfahren \u2013 durch Ausbildungen wie:<\/h4>\n\n\n\n<ul class=\"wp-block-list\">\n<li>Reiki (1. Grad)<\/li>\n\n\n\n<li>Kernschamanismus<\/li>\n\n\n\n<li>Merkaba-Aktivierung<\/li>\n\n\n\n<li>\u00d6ffnung des intimen Herzensraumes<\/li>\n\n\n\n<li>Channeling-Ausbildung<\/li>\n\n\n\n<li>&#8222;Awakening the Illuminated Heart&#8220;<\/li>\n\n\n\n<li>systemische Familienaufstellung<\/li>\n\n\n\n<li>Lais<\/li>\n\n\n\n<li>Initiation: Frausein im Alltag \u2013 Meera sein<\/li>\n\n\n\n<li>Initiieren in der westlichen Welt<\/li>\n\n\n\n<li>Kraftpl\u00e4tze in \u00d6sterreich<\/li>\n\n\n\n<li>europ\u00e4ische Wurzeln des alten keltisch druidischen Frauenwissens wiederentdecken.<\/li>\n<\/ul>\n\n\n\n<h4 class=\"wp-block-heading\">Erfahrungen durch die bosnischen Pyramiden<\/h4>\n\n\n\n<p>Eine gewaltige Schleuse wurde bei den bosnischen Pyramiden in Visoko ge\u00f6ffnet. Auch dorthin wurde ich innerlich gerufen. Durch diese transformierende Herzensenergie wurde meine Entwicklung extrem beschleunigt. Viele Wenn und Aber verschwanden oder wurden noch einmal von mir aus der Tiefe hervorgeholt, angeschaut und losgelassen.<\/p>\n\n\n\n<p>Seitdem folge ich meinem Herzen und meiner Intuition. Mein inneres Wissen ist dazu da, dich auf deinem pers\u00f6nlichen Weg zu deinem Wesenskern unterst\u00fctzen.<\/p>\n\n\n\n<blockquote class=\"wp-block-quote is-layout-flow wp-block-quote-is-layout-flow\">\n<p><strong>Vertraue deinem Herzen und entdecke deinen Wesenskern.<\/strong><\/p>\n<cite>Agnes Brigitte Brennig<\/cite><\/blockquote>\n","protected":false},"excerpt":{"rendered":"<p>Ich wurde als Vierte von sechs Kindern geboren und ging einen famili\u00e4r vorgegebenen Weg, wie viele andere auch. Fr\u00fch schon begeisterte mich die Arbeit mit Kindern, ihre Nat\u00fcrlichkeit und Authentizit\u00e4t, die ich als Volksschullehrerin erfahren durfte.Im Alter von 30 und durch die Geburt meines zweiten Kindes, wurde ich unerwartet auf mich selbst zur\u00fcckgeworfen.Durch eine schamanische [&hellip;]<\/p>\n","protected":false},"author":1,"featured_media":73,"parent":0,"menu_order":0,"comment_status":"closed","ping_status":"closed","template":"","meta":{"footnotes":""},"class_list":["post-8","page","type-page","status-publish","has-post-thumbnail","hentry"],"_links":{"self":[{"href":"https:\/\/seelendrache.at\/index.php\/wp-json\/wp\/v2\/pages\/8","targetHints":{"allow":["GET"]}}],"collection":[{"href":"https:\/\/seelendrache.at\/index.php\/wp-json\/wp\/v2\/pages"}],"about":[{"href":"https:\/\/seelendrache.at\/index.php\/wp-json\/wp\/v2\/types\/page"}],"author":[{"embeddable":true,"href":"https:\/\/seelendrache.at\/index.php\/wp-json\/wp\/v2\/users\/1"}],"replies":[{"embeddable":true,"href":"https:\/\/seelendrache.at\/index.php\/wp-json\/wp\/v2\/comments?post=8"}],"version-history":[{"count":11,"href":"https:\/\/seelendrache.at\/index.php\/wp-json\/wp\/v2\/pages\/8\/revisions"}],"predecessor-version":[{"id":3100,"href":"https:\/\/seelendrache.at\/index.php\/wp-json\/wp\/v2\/pages\/8\/revisions\/3100"}],"wp:featuredmedia":[{"embeddable":true,"href":"https:\/\/seelendrache.at\/index.php\/wp-json\/wp\/v2\/media\/73"}],"wp:attachment":[{"href":"https:\/\/seelendrache.at\/index.php\/wp-json\/wp\/v2\/media?parent=8"}],"curies":[{"name":"wp","href":"https:\/\/api.w.org\/{rel}","templated":true}]}}